{"id":3289,"date":"2024-06-17T10:22:37","date_gmt":"2024-06-17T10:22:37","guid":{"rendered":"https:\/\/www.nancylim-acupunctuur.nl\/?page_id=3289"},"modified":"2024-10-21T08:46:55","modified_gmt":"2024-10-21T08:46:55","slug":"algemene-voorwaarden-en-privacy-regelement","status":"publish","type":"page","link":"https:\/\/www.nancylim-acupunctuur.nl\/nl_nl\/algemene-voorwaarden-en-privacy-regelement\/","title":{"rendered":"Algemene voorwaarden &#038; Privacy regelement"},"content":{"rendered":"\t\t<div data-elementor-type=\"wp-page\" data-elementor-id=\"3289\" class=\"elementor elementor-3289\">\n\t\t\t\t\t\t\t\t\t<section class=\"elementor-section elementor-top-section elementor-element elementor-element-240e364 elementor-section-boxed elementor-section-height-default elementor-section-height-default\" data-id=\"240e364\" data-element_type=\"section\" data-settings=\"{&quot;background_background&quot;:&quot;classic&quot;}\">\n\t\t\t\t\t\t<div class=\"elementor-container elementor-column-gap-no\">\n\t\t\t\t\t<div class=\"elementor-column elementor-col-100 elementor-top-column elementor-element elementor-element-a9ea638\" data-id=\"a9ea638\" data-element_type=\"column\">\n\t\t\t<div class=\"elementor-widget-wrap elementor-element-populated\">\n\t\t\t\t\t\t\t\t<div class=\"elementor-element elementor-element-a7df3eb elementor-widget elementor-widget-heading\" data-id=\"a7df3eb\" data-element_type=\"widget\" data-widget_type=\"heading.default\">\n\t\t\t\t<div class=\"elementor-widget-container\">\n\t\t\t<style>\/*! elementor - v3.11.1 - 15-02-2023 *\/\n.elementor-heading-title{padding:0;margin:0;line-height:1}.elementor-widget-heading .elementor-heading-title[class*=elementor-size-]>a{color:inherit;font-size:inherit;line-height:inherit}.elementor-widget-heading .elementor-heading-title.elementor-size-small{font-size:15px}.elementor-widget-heading .elementor-heading-title.elementor-size-medium{font-size:19px}.elementor-widget-heading .elementor-heading-title.elementor-size-large{font-size:29px}.elementor-widget-heading .elementor-heading-title.elementor-size-xl{font-size:39px}.elementor-widget-heading .elementor-heading-title.elementor-size-xxl{font-size:59px}<\/style><h1 class=\"elementor-heading-title elementor-size-default\">Algemene voorwaarden en Privacy Regelement<\/h1>\t\t<\/div>\n\t\t\t\t<\/div>\n\t\t\t\t\t<\/div>\n\t\t<\/div>\n\t\t\t\t\t\t\t<\/div>\n\t\t<\/section>\n\t\t\t\t<section class=\"elementor-section elementor-top-section elementor-element elementor-element-15e195e elementor-section-boxed elementor-section-height-default elementor-section-height-default\" data-id=\"15e195e\" data-element_type=\"section\">\n\t\t\t\t\t\t<div class=\"elementor-container elementor-column-gap-default\">\n\t\t\t\t\t<div class=\"elementor-column elementor-col-100 elementor-top-column elementor-element elementor-element-0818494\" data-id=\"0818494\" data-element_type=\"column\">\n\t\t\t<div class=\"elementor-widget-wrap elementor-element-populated\">\n\t\t\t\t\t\t\t\t<div class=\"elementor-element elementor-element-7d76447 elementor-widget elementor-widget-heading\" data-id=\"7d76447\" data-element_type=\"widget\" data-widget_type=\"heading.default\">\n\t\t\t\t<div class=\"elementor-widget-container\">\n\t\t\t<h2 class=\"elementor-heading-title elementor-size-default\">Algemeen<\/h2>\t\t<\/div>\n\t\t\t\t<\/div>\n\t\t\t\t<div class=\"elementor-element elementor-element-e44c0ef elementor-widget elementor-widget-text-editor\" data-id=\"e44c0ef\" data-element_type=\"widget\" data-widget_type=\"text-editor.default\">\n\t\t\t\t<div class=\"elementor-widget-container\">\n\t\t\t<style>\/*! elementor - v3.11.1 - 15-02-2023 *\/\n.elementor-widget-text-editor.elementor-drop-cap-view-stacked .elementor-drop-cap{background-color:#818a91;color:#fff}.elementor-widget-text-editor.elementor-drop-cap-view-framed .elementor-drop-cap{color:#818a91;border:3px solid;background-color:transparent}.elementor-widget-text-editor:not(.elementor-drop-cap-view-default) .elementor-drop-cap{margin-top:8px}.elementor-widget-text-editor:not(.elementor-drop-cap-view-default) .elementor-drop-cap-letter{width:1em;height:1em}.elementor-widget-text-editor .elementor-drop-cap{float:left;text-align:center;line-height:1;font-size:50px}.elementor-widget-text-editor .elementor-drop-cap-letter{display:inline-block}<\/style>\t\t\t\t<p>Bij het maken van een afspraak gaat u akkoord met de Algemene Voorwaarden van Nancy Lim Acupunctuur.<br \/>De therapeut is gehouden te handelen conform de beroepscode.<br \/>De cli\u00ebnt heeft het recht tot inzage in het eigen dossier.<br \/>De cli\u00ebnt verplicht zich een afspraak tijdig (minimaal 24 uur van tevoren) af te zeggen.<br \/>De therapeut verplicht zich informatie betreffende de behandeling te verstrekken aan de cli\u00ebnt in alle fasen van de behandeling.<br \/>De therapeut zal geheimhouding betrachten ten aanzien van door de cli\u00ebnt t.b.v. het dossier verstrekte gegevens\u00a0 (m.u.v. de gegevens waar omtrent de cli\u00ebnt heeft verklaard dat hij\/zij geen bezwaar maakt tegen het gebruik voor statistische of behandel-inhoudelijke doeleinden).<br \/>De therapeut mag zonder toestemming van de cli\u00ebnt geen behandelingen verrichten.<br \/>De therapeut verplicht zich, indien zijn behandeling niet geschikt en\/of toereikend is, de cli\u00ebnt correct door te verwijzen naar een collega-therapeut of een arts.<br \/>De cli\u00ebnt is bereid de adviezen die de therapeut geeft op te volgen en indien deze dit nodig acht een collega-therapeut\u00a0 of een arts te bezoeken. De cli\u00ebnt draag zorg voor een dergelijk bezoek.<br \/>De therapeut is verplicht een bedrijfsaansprakelijkheidsverzekering te hebben afgesloten.<br \/>Be\u00ebindiging van de behandeling kan te allen tijde met wederzijds goedvinden geschieden.<br \/><br \/><\/p>\t\t\t\t\t\t<\/div>\n\t\t\t\t<\/div>\n\t\t\t\t<div class=\"elementor-element elementor-element-979efd4 elementor-widget elementor-widget-heading\" data-id=\"979efd4\" data-element_type=\"widget\" data-widget_type=\"heading.default\">\n\t\t\t\t<div class=\"elementor-widget-container\">\n\t\t\t<h2 class=\"elementor-heading-title elementor-size-default\">Huisregels<\/h2>\t\t<\/div>\n\t\t\t\t<\/div>\n\t\t\t\t<div class=\"elementor-element elementor-element-fae9a93 elementor-widget elementor-widget-text-editor\" data-id=\"fae9a93\" data-element_type=\"widget\" data-widget_type=\"text-editor.default\">\n\t\t\t\t<div class=\"elementor-widget-container\">\n\t\t\t\t\t\t\t<p>Acupunctuur en aanvullende behandelingen van de therapeut zijn een aanvulling op de reguliere geneeskunde en geen vervanging. De cli\u00ebnt dient bij gezondheidsklachten en medicatiegebruik altijd de huisarts te raadplegen.<br \/>De behandeling vindt plaats in een afgescheiden ruimte waarin alleen de therapeut en de cli\u00ebnt aanwezig zijn. Bij eventuele aanwezigheid van een derde persoon (bijv. een stagiair of collega) zal de therapeut voorafgaand aan de behandeling toestemming aan de cli\u00ebnt vragen.<br \/>Het behandelplan en de werkwijze wordt voorafgaand aan het behandeltraject besproken met de cli\u00ebnt. Bij bezwaren tegen specifieke handelingen dient de cli\u00ebnt dit direct aan te geven. Indien de cli\u00ebnt akkoord gaat met het behandelplan is er sprake van een behandelovereenkomst.<br \/>De therapeut handelt met grote zorg, maar de kans op blauwe plekken, zwellingen is niet geheel uit te sluiten. Indien dit mocht gebeuren is de therapeut verantwoordelijk voor correcte verzorging. Verder valt dit onder het eigen risico van de cli\u00ebnt.<br \/>De therapeut en cli\u00ebnt dienen zich volgens algemene fatsoensnormen te gedragen. Bij aanstootgevend gedrag heeft de therapeut het recht om de cli\u00ebnt toegang tot het pand te ontzeggen.<br \/>In geval van calamiteiten dient de cli\u00ebnt de aanwijzingen van de therapeut of de daartoe bevoegde instantie (brandweer, politie) op te volgen. De therapeut is niet verantwoordelijk voor diefstal of schade van eigendommen in of rondom het pand.<br \/><br \/><\/p>\t\t\t\t\t\t<\/div>\n\t\t\t\t<\/div>\n\t\t\t\t\t<\/div>\n\t\t<\/div>\n\t\t\t\t\t\t\t<\/div>\n\t\t<\/section>\n\t\t\t\t\t\t\t<\/div>\n\t\t","protected":false},"excerpt":{"rendered":"<p>Algemene voorwaarden en Privacy Regelement Algemeen Bij het maken van een afspraak gaat u akkoord met de Algemene Voorwaarden van Nancy Lim Acupunctuur.De therapeut is gehouden te handelen conform de beroepscode.De cli\u00ebnt heeft het recht tot inzage in het eigen dossier.De cli\u00ebnt verplicht zich een afspraak tijdig (minimaal 24 uur van tevoren) af te zeggen.De &hellip;<\/p>\n<p class=\"read-more\"> <a class=\"\" href=\"https:\/\/www.nancylim-acupunctuur.nl\/nl_nl\/algemene-voorwaarden-en-privacy-regelement\/\"> <span class=\"screen-reader-text\">Algemene voorwaarden &#038; Privacy regelement<\/span> Lees meer &raquo;<\/a><\/p>\n","protected":false},"author":1,"featured_media":0,"parent":0,"menu_order":0,"comment_status":"closed","ping_status":"closed","template":"","meta":{"site-sidebar-layout":"no-sidebar","site-content-layout":"page-builder","ast-global-header-display":"","ast-main-header-display":"","ast-hfb-above-header-display":"","ast-hfb-below-header-display":"","ast-hfb-mobile-header-display":"","site-post-title":"disabled","ast-breadcrumbs-content":"","ast-featured-img":"disabled","footer-sml-layout":"","theme-transparent-header-meta":"","adv-header-id-meta":"","stick-header-meta":"","header-above-stick-meta":"","header-main-stick-meta":"","header-below-stick-meta":"","_joinchat":[],"footnotes":""},"class_list":["post-3289","page","type-page","status-publish","hentry"],"_links":{"self":[{"href":"https:\/\/www.nancylim-acupunctuur.nl\/nl_nl\/wp-json\/wp\/v2\/pages\/3289","targetHints":{"allow":["GET"]}}],"collection":[{"href":"https:\/\/www.nancylim-acupunctuur.nl\/nl_nl\/wp-json\/wp\/v2\/pages"}],"about":[{"href":"https:\/\/www.nancylim-acupunctuur.nl\/nl_nl\/wp-json\/wp\/v2\/types\/page"}],"author":[{"embeddable":true,"href":"https:\/\/www.nancylim-acupunctuur.nl\/nl_nl\/wp-json\/wp\/v2\/users\/1"}],"replies":[{"embeddable":true,"href":"https:\/\/www.nancylim-acupunctuur.nl\/nl_nl\/wp-json\/wp\/v2\/comments?post=3289"}],"version-history":[{"count":15,"href":"https:\/\/www.nancylim-acupunctuur.nl\/nl_nl\/wp-json\/wp\/v2\/pages\/3289\/revisions"}],"predecessor-version":[{"id":3332,"href":"https:\/\/www.nancylim-acupunctuur.nl\/nl_nl\/wp-json\/wp\/v2\/pages\/3289\/revisions\/3332"}],"wp:attachment":[{"href":"https:\/\/www.nancylim-acupunctuur.nl\/nl_nl\/wp-json\/wp\/v2\/media?parent=3289"}],"curies":[{"name":"wp","href":"https:\/\/api.w.org\/{rel}","templated":true}]}}